{"id":56,"date":"2025-01-13T14:30:10","date_gmt":"2025-01-13T14:30:10","guid":{"rendered":"https:\/\/blocuriizolatetermic.primariapetrosani.ro\/?page_id=56"},"modified":"2026-02-09T12:40:28","modified_gmt":"2026-02-09T12:40:28","slug":"implementarea-proiectului","status":"publish","type":"page","link":"https:\/\/blocuriizolatetermic.primariapetrosani.ro\/index.php\/implementarea-proiectului\/","title":{"rendered":"Implementarea proiectului"},"content":{"rendered":"<div class=\"wpb-content-wrapper\"><p>[vc_row][vc_column css=&#8221;.vc_custom_1736950339776{background-color: #FFFFFF !important;}&#8221;][vc_row_inner][vc_column_inner][vc_single_image image=&#8221;341&#8243; img_size=&#8221;full&#8221; alignment=&#8221;center&#8221; css=&#8221;.vc_custom_1737111388657{margin-bottom: 0px !important;}&#8221;][vc_single_image image=&#8221;186&#8243; img_size=&#8221;full&#8221; alignment=&#8221;center&#8221; css=&#8221;.vc_custom_1736968011273{margin-bottom: 0px !important;}&#8221;][\/vc_column_inner][\/vc_row_inner][\/vc_column][\/vc_row][vc_row][vc_column width=&#8221;1\/2&#8243;][vc_separator color=&#8221;blue&#8221; border_width=&#8221;2&#8243; css=&#8221;&#8221;][vc_column_text css=&#8221;.vc_custom_1770640817800{padding-top: 1px !important;}&#8221;]<\/p>\n<p style=\"text-align: center;\"><strong>Stadiul actual al proiectului:<br \/>\n<\/strong><strong style=\"color: #e75387;\">FINALIZAT<\/strong><\/p>\n<p><strong>Reabilitarea termic\u0103 a cinci blocuri din Petro\u0219ani s-a \u00eencheiat. Investi\u021bie de peste 12,8 milioane lei pentru eficien\u021b\u0103 energetic\u0103 \u0219i costuri mai mici la \u00eentre\u021binere<\/strong><\/p>\n<p>Proiectul de reabilitare termic\u0103 a blocurilor de locuin\u021be din municipiul Petro\u0219ani a ajuns la final. UAT Municipiul Petro\u0219ani a implementat investi\u021bia prin fonduri europene, \u00een cadrul Programului Regional Vest. Lucr\u0103rile au vizat direct cre\u0219terea eficien\u021bei energetice \u0219i reducerea consumului de energie pentru \u00eenc\u0103lzire.<\/p>\n<p>Valoarea total\u0103 a proiectului a fost de 12.812.995 lei. Cofinan\u021barea din partea Uniunii Europene a ajuns la 4.436.824 lei. Perioada de implementare s-a desf\u0103\u0219urat \u00eentre 28 mai 2019 \u0219i 11 februarie 2026. Codul SMIS al proiectului este 323819.<\/p>\n<p>Investi\u021bia a inclus lucr\u0103ri la cinci blocuri de locuin\u021be. Interven\u021biile s-au realizat la blocurile 120 \u0219i 122 de pe strada 1 Decembrie 1918, blocul 22 de pe strada Aviatorilor, blocul 7 de pe strada Avram Iancu \u0219i blocul 4 de pe strada General Dragalina.<\/p>\n<p>S-au executat lucr\u0103ri de anvelopare termic\u0103, reabilitare a fa\u021badelor \u0219i \u00eenlocuire a t\u00e2mpl\u0103riei. Aceste lucr\u0103ri au redus pierderile de c\u0103ldur\u0103 \u0219i consumul anual de energie pentru \u00eenc\u0103lzire. Locatarii pl\u0103tesc mai pu\u021bin pentru \u00eentre\u021binere \u0219i folosesc mai eficient energia pe tot parcursul anului.<\/p>\n<p>Proiectul a inclus \u0219i m\u0103suri pentru accesibilitate. Au fost montate rampe \u0219i elevatoare pentru persoanele cu dizabilit\u0103\u021bi. La patru din cele cinci blocuri s-au \u00eenlocuit \u0219i modernizat lifturile. Locatarii au acum acces mai sigur \u0219i mai u\u0219or \u00een cl\u0103diri.<\/p>\n<p>Implementarea s-a desf\u0103\u0219urat \u00een dou\u0103 etape de finan\u021bare. Prima etap\u0103 a folosit fonduri prin Regio, Programul Opera\u021bional Regional 2014\u20132020, cu o valoare de 6.384.468 lei. A doua etap\u0103 a continuat prin Programul Regional Vest 2021\u20132027, cu o valoare de 6.428.526 lei.<\/p>\n<p>Rezultatele arat\u0103 sc\u0103derea emisiilor de CO2 \u0219i cre\u0219terea clasei energetice pentru cl\u0103dirile reabilitate. Zonele reziden\u021biale vizate au acum un aspect modern \u0219i o valoare mai mare a propriet\u0103\u021bilor. Investi\u021bia sprijin\u0103 dezvoltarea urban\u0103 \u0219i cre\u0219te confortul locuirii \u00een Petro\u0219ani.[\/vc_column_text][vc_separator color=&#8221;blue&#8221; border_width=&#8221;2&#8243; css=&#8221;&#8221;][\/vc_column][vc_column width=&#8221;1\/2&#8243;][vc_single_image image=&#8221;72&#8243; img_size=&#8221;full&#8221; alignment=&#8221;right&#8221; style=&#8221;vc_box_rounded&#8221; css=&#8221;&#8221;][vc_separator color=&#8221;blue&#8221; css=&#8221;&#8221;][\/vc_column][\/vc_row][vc_row][vc_column][vc_single_image image=&#8221;108&#8243; img_size=&#8221;full&#8221; alignment=&#8221;center&#8221; css=&#8221;&#8221;][\/vc_column][\/vc_row]<\/p>\n<\/div>","protected":false},"excerpt":{"rendered":"<p>[vc_row][vc_column css=&#8221;.vc_custom_1736950339776{background-color: #FFFFFF !important;}&#8221;][vc_row_inner][vc_column_inner][vc_single_image image=&#8221;341&#8243; img_size=&#8221;full&#8221; alignment=&#8221;center&#8221; css=&#8221;.vc_custom_1737111388657{margin-bottom: 0px !important;}&#8221;][vc_single_image image=&#8221;186&#8243; img_size=&#8221;full&#8221; alignment=&#8221;center&#8221; css=&#8221;.vc_custom_1736968011273{margin-bottom: 0px !important;}&#8221;][\/vc_column_inner][\/vc_row_inner][\/vc_column][\/vc_row][vc_row][vc_column width=&#8221;1\/2&#8243;][vc_separator color=&#8221;blue&#8221; border_width=&#8221;2&#8243; css=&#8221;&#8221;][vc_column_text &hellip; <\/p>\n","protected":false},"author":1,"featured_media":0,"parent":0,"menu_order":1,"comment_status":"closed","ping_status":"closed","template":"","meta":{"_coachify_sidebar_layout":"","footnotes":""},"class_list":["post-56","page","type-page","status-publish","hentry","latest_post","image-hover-transition-effect"],"_links":{"self":[{"href":"https:\/\/blocuriizolatetermic.primariapetrosani.ro\/index.php\/wp-json\/wp\/v2\/pages\/56","targetHints":{"allow":["GET"]}}],"collection":[{"href":"https:\/\/blocuriizolatetermic.primariapetrosani.ro\/index.php\/wp-json\/wp\/v2\/pages"}],"about":[{"href":"https:\/\/blocuriizolatetermic.primariapetrosani.ro\/index.php\/wp-json\/wp\/v2\/types\/page"}],"author":[{"embeddable":true,"href":"https:\/\/blocuriizolatetermic.primariapetrosani.ro\/index.php\/wp-json\/wp\/v2\/users\/1"}],"replies":[{"embeddable":true,"href":"https:\/\/blocuriizolatetermic.primariapetrosani.ro\/index.php\/wp-json\/wp\/v2\/comments?post=56"}],"version-history":[{"count":14,"href":"https:\/\/blocuriizolatetermic.primariapetrosani.ro\/index.php\/wp-json\/wp\/v2\/pages\/56\/revisions"}],"predecessor-version":[{"id":402,"href":"https:\/\/blocuriizolatetermic.primariapetrosani.ro\/index.php\/wp-json\/wp\/v2\/pages\/56\/revisions\/402"}],"wp:attachment":[{"href":"https:\/\/blocuriizolatetermic.primariapetrosani.ro\/index.php\/wp-json\/wp\/v2\/media?parent=56"}],"curies":[{"name":"wp","href":"https:\/\/api.w.org\/{rel}","templated":true}]}}