{"id":131,"date":"2025-01-14T13:17:18","date_gmt":"2025-01-14T13:17:18","guid":{"rendered":"https:\/\/blocuriizolatetermic.primariapetrosani.ro\/?page_id=131"},"modified":"2026-02-09T12:26:59","modified_gmt":"2026-02-09T12:26:59","slug":"pagina-principala","status":"publish","type":"page","link":"https:\/\/blocuriizolatetermic.primariapetrosani.ro\/","title":{"rendered":"Prima pagin\u0103"},"content":{"rendered":"<div class=\"wpb-content-wrapper\"><p>[vc_row][vc_column css=&#8221;.vc_custom_1736974531188{margin-top: 0px !important;background-color: #FFFFFF !important;}&#8221;][vc_row_inner][vc_column_inner][vc_single_image image=&#8221;341&#8243; img_size=&#8221;full&#8221; alignment=&#8221;center&#8221; css=&#8221;.vc_custom_1737033189795{margin-bottom: 0px !important;}&#8221;][vc_single_image image=&#8221;186&#8243; img_size=&#8221;full&#8221; alignment=&#8221;center&#8221; css=&#8221;.vc_custom_1736968011273{margin-bottom: 0px !important;}&#8221;][vc_raw_html css=&#8221;&#8221;][\/vc_raw_html][\/vc_column_inner][\/vc_row_inner][\/vc_column][\/vc_row][vc_row][vc_column width=&#8221;1\/2&#8243;][vc_separator color=&#8221;blue&#8221; border_width=&#8221;2&#8243; css=&#8221;&#8221;][vc_column_text css=&#8221;.vc_custom_1770640014888{padding-top: 1px !important;}&#8221;]<strong>Descrierea proiectului:<\/strong><\/p>\n<ul>\n<li><strong>Codul MySMIS:<\/strong> 323819<\/li>\n<li><strong>Titlul proiectului:<\/strong> Cre\u0219terea eficien\u021bei energetice a blocurilor de locuin\u021be din municipiul Petro\u0219ani<\/li>\n<li><strong>Denumirea beneficiarului:<\/strong> Municipiul Petro\u0219ani<\/li>\n<li><strong>Localitatea \u0219i jude\u021bul \u00een care a fost implementat proiectul:<\/strong> Petro\u0219ani, Hunedoara<\/li>\n<li><strong>Perioada de implementare:<\/strong> 28.05.2019 \u2013 11.02.2026<\/li>\n<li><strong>Valoarea total\u0103 a proiectului (lei):<\/strong> 12.812.995<\/li>\n<li><strong>Cofinan\u021barea Uniunii Europene (lei):<\/strong> 4.436.824<\/li>\n<li><strong>Obiectivele proiectului:<\/strong> cre\u0219terea eficien\u021bei energetice \u00een blocurile de locuin\u021be din municipiul Petro\u0219ani pentru a contribui la reducerea emisiilor de CO\u2082. Scopul implement\u0103rii acestui proiect este acela de cre\u0219tere a eficien\u021bei energetice \u00een blocurile de locuin\u021be nivel P + 8 \u0219i P + 10, situate pe str\u0103zile: 1 Decembrie 1918 \u2013 blocul 120, 1 Decembrie 1918 \u2013 blocul 122, Aviatorilor \u2013 blocul 22, Avram Iancu \u2013 blocul 7 \u0219i General Dragalina \u2013 blocul 4. Pe termen lung, acest proiect va contribui la gestionarea inteligent\u0103 a energiei \u0219i tranzi\u021bia c\u0103tre o economie cu emisii sc\u0103zute de carbon \u00een municipiul Petro\u0219ani.<\/li>\n<li><strong>Activit\u0103\u021bile principale:<\/strong> execu\u021bie lucr\u0103ri \u2013 etapa II de implementare (rest de executat), prestare servicii de asisten\u021b\u0103 tehnic\u0103 din partea proiectantului \u0219i servicii de dirigen\u021bie de \u0219antier \u00een etapa II de implementare a proiectului, desf\u0103\u0219urarea activit\u0103\u021bii de promovare a proiectului, auditarea proiectului, \u00eentocmirea auditului energetic la finalizarea lucr\u0103rilor \u0219i elaborarea certificatului de performan\u021b\u0103 energetic\u0103.<\/li>\n<li><strong>Rezultate a\u0219teptate:<\/strong> sc\u0103derea anual\u0103 a gazelor cu efect de ser\u0103, cre\u0219terea num\u0103rului de gospod\u0103rii cu clasificare mai bun\u0103 a consumului de energie, reducerea consumului anual de energie primar\u0103, reducerea consumului anual specific de energie pentru \u00eenc\u0103lzire, accesibilizarea cl\u0103dirilor pentru persoanele cu dizabilit\u0103\u021bi locomotorii prin montarea de rampe\/achizi\u021bionarea de elevatoare, montarea\/\u00eenlocuirea lifturilor.<\/li>\n<\/ul>\n<p>[\/vc_column_text][vc_separator color=&#8221;blue&#8221; border_width=&#8221;2&#8243; css=&#8221;&#8221;][vc_column_text css=&#8221;&#8221;]<strong>Datele de contact ale beneficiarului:<\/strong><\/p>\n<p>PRIM\u0102RIA MUNICIPIULUI PETRO\u0218ANI<br \/>\nstr. 1 Decembrie 1918 nr. 93<br \/>\ncod po\u0219tal 332019, jud. Hunedoara<br \/>\nTelefon: 0254.541.220, Fax: 0254.545.903<\/p>\n<p><a href=\"mailto:paulina.dragos@primariapetrosani.ro\" target=\"_blank\" rel=\"noopener\">paulina.dragos@primariapetrosani.ro<\/a>,<br \/>\ntel. 0254.541.220, int. 110<br \/>\n<a href=\"mailto:oana.stanciu@primariapetrosani.ro\" target=\"_blank\" rel=\"noopener\">oana.stanciu@primariapetrosani.ro<\/a>,<br \/>\ntel 0254.541.220, int. 213[\/vc_column_text][vc_empty_space][\/vc_column][vc_column width=&#8221;1\/2&#8243;][vc_single_image image=&#8221;72&#8243; img_size=&#8221;full&#8221; alignment=&#8221;right&#8221; style=&#8221;vc_box_rounded&#8221; css=&#8221;&#8221;][vc_separator color=&#8221;blue&#8221; border_width=&#8221;2&#8243; css=&#8221;&#8221;][vc_column_text css=&#8221;.vc_custom_1736963833101{margin-top: 0px !important;margin-right: 0px !important;margin-bottom: 0px !important;margin-left: 0px !important;border-top-width: 0px !important;border-right-width: 0px !important;border-bottom-width: 0px !important;border-left-width: 0px !important;padding-top: 10px !important;padding-right: 10px !important;padding-bottom: 10px !important;padding-left: 10px !important;background-color: #E6EFF3 !important;border-radius: 2px !important;}&#8221;]<em>\u201eProgramul Regional Vest este principalul instrument de finan\u021bare din fonduri europene care sprijin\u0103 cre\u0219terea economic\u0103 \u0219i \u00eembun\u0103t\u0103\u021birea calit\u0103\u021bii vie\u021bii locuitorilor din Regiunea Vest.&#8221;<\/em><\/p>\n<p><em>\u201eProiectul este cofinan\u021bat de Uniunea European\u0103, prin ADR Vest \u00een calitate de Autoritate de Management pentru Programul Regional Vest 2021-2027. <\/em><\/p>\n<p><em>Pentru informa\u021bii detaliate despre program, accesa\u021bi <a href=\"http:\/\/www.vest.ro\" target=\"_blank\" rel=\"noopener\"><strong>www.vest.ro<\/strong><\/a>\u201d.<\/em><br \/>\n<em>\u201eCon\u021binutul acestui material nu reprezint\u0103 \u00een mod obligatoriu pozi\u021bia oficial\u0103 a Uniunii Europene sau a ADR Vest\u201d.<\/em><\/p>\n<p><em>\u201eProiectul cu titlul \u201eCre\u0219terea eficien\u021bei energetice a blocurilor de locuin\u021be din municipiul Petro\u0219ani\u201d a fost finan\u021bat prin REGIO &#8211; Programul Opera\u021bional Regional 2014-2020 \u2013 etapa 1 \u0219i prin Programul Regional Vest 2021-2027 \u2013 etapa 2. Pentru informa\u021bii detaliate despre Programul Regional Vest, accesa\u021bi <strong><a href=\"http:\/\/www.vest.ro\" target=\"_blank\" rel=\"noopener\">www.vest.ro<\/a><\/strong>\u201d.<\/em><\/p>\n<p><em>\u201eCon\u021binutul acestui material nu reprezint\u0103 \u00een mod obligatoriu pozi\u021bia oficial\u0103 a Uniunii Europene sau a ADR Vest\u201d.<\/em>[\/vc_column_text][vc_separator color=&#8221;white&#8221; border_width=&#8221;2&#8243; css=&#8221;&#8221;][vc_separator color=&#8221;blue&#8221; border_width=&#8221;2&#8243; css=&#8221;&#8221;][vc_column_text css=&#8221;.vc_custom_1770639118965{border-radius: 3px !important;}&#8221;]<\/p>\n<p style=\"text-align: center;\"><strong>Stadiul proiectului: <\/strong><strong style=\"color: #e75387;\">FINALIZAT<\/strong><\/p>\n<p>[\/vc_column_text][vc_empty_space][\/vc_column][\/vc_row][vc_row][vc_column][vc_single_image image=&#8221;108&#8243; img_size=&#8221;full&#8221; alignment=&#8221;center&#8221; css=&#8221;&#8221;][\/vc_column][\/vc_row]<\/p>\n<\/div>","protected":false},"excerpt":{"rendered":"<p>[vc_row][vc_column css=&#8221;.vc_custom_1736974531188{margin-top: 0px !important;background-color: #FFFFFF !important;}&#8221;][vc_row_inner][vc_column_inner][vc_single_image image=&#8221;341&#8243; img_size=&#8221;full&#8221; alignment=&#8221;center&#8221; css=&#8221;.vc_custom_1737033189795{margin-bottom: 0px !important;}&#8221;][vc_single_image image=&#8221;186&#8243; img_size=&#8221;full&#8221; alignment=&#8221;center&#8221; css=&#8221;.vc_custom_1736968011273{margin-bottom: 0px !important;}&#8221;][vc_raw_html css=&#8221;&#8221;][\/vc_raw_html][\/vc_column_inner][\/vc_row_inner][\/vc_column][\/vc_row][vc_row][vc_column width=&#8221;1\/2&#8243;][vc_separator &hellip; <\/p>\n","protected":false},"author":1,"featured_media":0,"parent":0,"menu_order":0,"comment_status":"closed","ping_status":"closed","template":"","meta":{"_coachify_sidebar_layout":"","footnotes":""},"class_list":["post-131","page","type-page","status-publish","hentry","latest_post","image-hover-transition-effect"],"_links":{"self":[{"href":"https:\/\/blocuriizolatetermic.primariapetrosani.ro\/index.php\/wp-json\/wp\/v2\/pages\/131","targetHints":{"allow":["GET"]}}],"collection":[{"href":"https:\/\/blocuriizolatetermic.primariapetrosani.ro\/index.php\/wp-json\/wp\/v2\/pages"}],"about":[{"href":"https:\/\/blocuriizolatetermic.primariapetrosani.ro\/index.php\/wp-json\/wp\/v2\/types\/page"}],"author":[{"embeddable":true,"href":"https:\/\/blocuriizolatetermic.primariapetrosani.ro\/index.php\/wp-json\/wp\/v2\/users\/1"}],"replies":[{"embeddable":true,"href":"https:\/\/blocuriizolatetermic.primariapetrosani.ro\/index.php\/wp-json\/wp\/v2\/comments?post=131"}],"version-history":[{"count":115,"href":"https:\/\/blocuriizolatetermic.primariapetrosani.ro\/index.php\/wp-json\/wp\/v2\/pages\/131\/revisions"}],"predecessor-version":[{"id":399,"href":"https:\/\/blocuriizolatetermic.primariapetrosani.ro\/index.php\/wp-json\/wp\/v2\/pages\/131\/revisions\/399"}],"wp:attachment":[{"href":"https:\/\/blocuriizolatetermic.primariapetrosani.ro\/index.php\/wp-json\/wp\/v2\/media?parent=131"}],"curies":[{"name":"wp","href":"https:\/\/api.w.org\/{rel}","templated":true}]}}